{"id":2358,"date":"2020-12-01T10:53:43","date_gmt":"2020-12-01T10:53:43","guid":{"rendered":"https:\/\/kappadata.fr\/?page_id=2358"},"modified":"2023-08-11T13:21:37","modified_gmt":"2023-08-11T11:21:37","slug":"downloads","status":"publish","type":"page","link":"https:\/\/kappadata.fr\/en\/publications\/downloads\/","title":{"rendered":"Downloads"},"content":{"rendered":"<div class=\"wpb-content-wrapper\"><p>[vc_row css_animation=&#8221;&#8221; row_type=&#8221;row&#8221; use_row_as_full_screen_section=&#8221;no&#8221; type=&#8221;full_width&#8221; angled_section=&#8221;no&#8221; text_align=&#8221;left&#8221; background_image_as_pattern=&#8221;without_pattern&#8221; css=&#8221;.vc_custom_1610558107116{background-image: url(https:\/\/kappadata.fr\/wp-content\/uploads\/2020\/10\/Kappa-Data-Header-4-1.jpg?id=1229) !important;}&#8221; z_index=&#8221;&#8221;][vc_column][qode_elements_holder number_of_columns=&#8221;one_column&#8221;][qode_elements_holder_item advanced_animations=&#8221;no&#8221; item_padding=&#8221;5% 10% 5% 10%&#8221;][vc_column_text]<\/p>\n<h1>Downloads<\/h1>\n<p>[\/vc_column_text][vc_column_text]<span style=\"color: #ffffff;\">Find all our documentation and the documents made available by our partners.<\/span>[\/vc_column_text][\/qode_elements_holder_item][\/qode_elements_holder][\/vc_column][\/vc_row][vc_row css_animation=&#8221;&#8221; row_type=&#8221;row&#8221; use_row_as_full_screen_section=&#8221;no&#8221; type=&#8221;full_width&#8221; angled_section=&#8221;no&#8221; text_align=&#8221;left&#8221; background_image_as_pattern=&#8221;without_pattern&#8221;][vc_column][vc_empty_space height=&#8221;50px&#8221;][\/vc_column][\/vc_row]<\/p>\n<\/div>","protected":false},"excerpt":{"rendered":"<p>[vc_row css_animation=&#8221;&#8221; row_type=&#8221;row&#8221; use_row_as_full_screen_section=&#8221;no&#8221; type=&#8221;full_width&#8221; angled_section=&#8221;no&#8221; text_align=&#8221;left&#8221; background_image_as_pattern=&#8221;without_pattern&#8221; css=&#8221;.vc_custom_1610558107116{background-image: url(https:\/\/kappadata.fr\/wp-content\/uploads\/2020\/10\/Kappa-Data-Header-4-1.jpg?id=1229) !important;}&#8221; z_index=&#8221;&#8221;][vc_column][qode_elements_holder number_of_columns=&#8221;one_column&#8221;][qode_elements_holder_item advanced_animations=&#8221;no&#8221; item_padding=&#8221;5% 10% 5% 10%&#8221;][vc_column_text] Downloads [\/vc_column_text][vc_column_text]Find all our documentation and the documents made available by our&#8230;<\/p>\n","protected":false},"author":1,"featured_media":0,"parent":2272,"menu_order":0,"comment_status":"closed","ping_status":"closed","template":"blog-masonry-full-width.php","meta":{"_acf_changed":false,"footnotes":""},"class_list":["post-2358","page","type-page","status-publish","hentry"],"acf":[],"yoast_head":"<!-- This site is optimized with the Yoast SEO plugin v27.1.1 - https:\/\/yoast.com\/product\/yoast-seo-wordpress\/ -->\n<title>Downloads | Kappa Data - Networking, IT Security and IoT<\/title>\n<meta name=\"description\" content=\"At Kappa Data, we enjoy sharing knowledge and insights about network infrastructure, network security and the IoT. See an overview of our downloads.\" \/>\n<meta name=\"robots\" content=\"index, follow, max-snippet:-1, max-image-preview:large, max-video-preview:-1\" \/>\n<link rel=\"canonical\" href=\"https:\/\/kappadata.fr\/en\/publications\/downloads\/\" \/>\n<meta property=\"og:locale\" content=\"en_US\" \/>\n<meta property=\"og:type\" content=\"article\" \/>\n<meta property=\"og:title\" content=\"Downloads | Kappa Data - Networking, IT Security and IoT\" \/>\n<meta property=\"og:description\" content=\"At Kappa Data, we enjoy sharing knowledge and insights about network infrastructure, network security and the IoT. See an overview of our downloads.\" \/>\n<meta property=\"og:url\" content=\"https:\/\/kappadata.fr\/en\/publications\/downloads\/\" \/>\n<meta property=\"og:site_name\" content=\"Kappa Data\" \/>\n<meta property=\"article:modified_time\" content=\"2023-08-11T11:21:37+00:00\" \/>\n<meta name=\"twitter:card\" content=\"summary_large_image\" \/>\n<meta name=\"twitter:label1\" content=\"Est. reading time\" \/>\n\t<meta name=\"twitter:data1\" content=\"1 minute\" \/>\n<script type=\"application\/ld+json\" class=\"yoast-schema-graph\">{\"@context\":\"https:\/\/schema.org\",\"@graph\":[{\"@type\":\"WebPage\",\"@id\":\"https:\/\/kappadata.fr\/en\/publications\/downloads\/\",\"url\":\"https:\/\/kappadata.fr\/en\/publications\/downloads\/\",\"name\":\"Downloads | Kappa Data - Networking, IT Security and IoT\",\"isPartOf\":{\"@id\":\"https:\/\/kappadata.fr\/#website\"},\"datePublished\":\"2020-12-01T10:53:43+00:00\",\"dateModified\":\"2023-08-11T11:21:37+00:00\",\"description\":\"At Kappa Data, we enjoy sharing knowledge and insights about network infrastructure, network security and the IoT. See an overview of our downloads.\",\"breadcrumb\":{\"@id\":\"https:\/\/kappadata.fr\/en\/publications\/downloads\/#breadcrumb\"},\"inLanguage\":\"en-US\",\"potentialAction\":[{\"@type\":\"ReadAction\",\"target\":[\"https:\/\/kappadata.fr\/en\/publications\/downloads\/\"]}]},{\"@type\":\"BreadcrumbList\",\"@id\":\"https:\/\/kappadata.fr\/en\/publications\/downloads\/#breadcrumb\",\"itemListElement\":[{\"@type\":\"ListItem\",\"position\":1,\"name\":\"Home\",\"item\":\"https:\/\/kappadata.fr\/en\/\"},{\"@type\":\"ListItem\",\"position\":2,\"name\":\"Publications\",\"item\":\"https:\/\/kappadata.fr\/en\/publications\/\"},{\"@type\":\"ListItem\",\"position\":3,\"name\":\"Downloads\"}]},{\"@type\":\"WebSite\",\"@id\":\"https:\/\/kappadata.fr\/#website\",\"url\":\"https:\/\/kappadata.fr\/\",\"name\":\"Kappa Data\",\"description\":\"Distributeur \u00e0 valeur ajout\u00e9e S\u00e9curit\u00e9 et R\u00e9seau\",\"potentialAction\":[{\"@type\":\"SearchAction\",\"target\":{\"@type\":\"EntryPoint\",\"urlTemplate\":\"https:\/\/kappadata.fr\/?s={search_term_string}\"},\"query-input\":{\"@type\":\"PropertyValueSpecification\",\"valueRequired\":true,\"valueName\":\"search_term_string\"}}],\"inLanguage\":\"en-US\"}]}<\/script>\n<!-- \/ Yoast SEO plugin. -->","yoast_head_json":{"title":"Downloads | Kappa Data - Networking, IT Security and IoT","description":"At Kappa Data, we enjoy sharing knowledge and insights about network infrastructure, network security and the IoT. See an overview of our downloads.","robots":{"index":"index","follow":"follow","max-snippet":"max-snippet:-1","max-image-preview":"max-image-preview:large","max-video-preview":"max-video-preview:-1"},"canonical":"https:\/\/kappadata.fr\/en\/publications\/downloads\/","og_locale":"en_US","og_type":"article","og_title":"Downloads | Kappa Data - Networking, IT Security and IoT","og_description":"At Kappa Data, we enjoy sharing knowledge and insights about network infrastructure, network security and the IoT. See an overview of our downloads.","og_url":"https:\/\/kappadata.fr\/en\/publications\/downloads\/","og_site_name":"Kappa Data","article_modified_time":"2023-08-11T11:21:37+00:00","twitter_card":"summary_large_image","twitter_misc":{"Est. reading time":"1 minute"},"schema":{"@context":"https:\/\/schema.org","@graph":[{"@type":"WebPage","@id":"https:\/\/kappadata.fr\/en\/publications\/downloads\/","url":"https:\/\/kappadata.fr\/en\/publications\/downloads\/","name":"Downloads | Kappa Data - Networking, IT Security and IoT","isPartOf":{"@id":"https:\/\/kappadata.fr\/#website"},"datePublished":"2020-12-01T10:53:43+00:00","dateModified":"2023-08-11T11:21:37+00:00","description":"At Kappa Data, we enjoy sharing knowledge and insights about network infrastructure, network security and the IoT. See an overview of our downloads.","breadcrumb":{"@id":"https:\/\/kappadata.fr\/en\/publications\/downloads\/#breadcrumb"},"inLanguage":"en-US","potentialAction":[{"@type":"ReadAction","target":["https:\/\/kappadata.fr\/en\/publications\/downloads\/"]}]},{"@type":"BreadcrumbList","@id":"https:\/\/kappadata.fr\/en\/publications\/downloads\/#breadcrumb","itemListElement":[{"@type":"ListItem","position":1,"name":"Home","item":"https:\/\/kappadata.fr\/en\/"},{"@type":"ListItem","position":2,"name":"Publications","item":"https:\/\/kappadata.fr\/en\/publications\/"},{"@type":"ListItem","position":3,"name":"Downloads"}]},{"@type":"WebSite","@id":"https:\/\/kappadata.fr\/#website","url":"https:\/\/kappadata.fr\/","name":"Kappa Data","description":"Distributeur \u00e0 valeur ajout\u00e9e S\u00e9curit\u00e9 et R\u00e9seau","potentialAction":[{"@type":"SearchAction","target":{"@type":"EntryPoint","urlTemplate":"https:\/\/kappadata.fr\/?s={search_term_string}"},"query-input":{"@type":"PropertyValueSpecification","valueRequired":true,"valueName":"search_term_string"}}],"inLanguage":"en-US"}]}},"_links":{"self":[{"href":"https:\/\/kappadata.fr\/en\/wp-json\/wp\/v2\/pages\/2358","targetHints":{"allow":["GET"]}}],"collection":[{"href":"https:\/\/kappadata.fr\/en\/wp-json\/wp\/v2\/pages"}],"about":[{"href":"https:\/\/kappadata.fr\/en\/wp-json\/wp\/v2\/types\/page"}],"author":[{"embeddable":true,"href":"https:\/\/kappadata.fr\/en\/wp-json\/wp\/v2\/users\/1"}],"replies":[{"embeddable":true,"href":"https:\/\/kappadata.fr\/en\/wp-json\/wp\/v2\/comments?post=2358"}],"version-history":[{"count":4,"href":"https:\/\/kappadata.fr\/en\/wp-json\/wp\/v2\/pages\/2358\/revisions"}],"predecessor-version":[{"id":15092,"href":"https:\/\/kappadata.fr\/en\/wp-json\/wp\/v2\/pages\/2358\/revisions\/15092"}],"up":[{"embeddable":true,"href":"https:\/\/kappadata.fr\/en\/wp-json\/wp\/v2\/pages\/2272"}],"wp:attachment":[{"href":"https:\/\/kappadata.fr\/en\/wp-json\/wp\/v2\/media?parent=2358"}],"curies":[{"name":"wp","href":"https:\/\/api.w.org\/{rel}","templated":true}]}}