{"id":2165,"date":"2020-11-25T13:30:47","date_gmt":"2020-11-25T13:30:47","guid":{"rendered":"https:\/\/kappadata.fr\/?page_id=2165"},"modified":"2025-02-04T09:35:23","modified_gmt":"2025-02-04T08:35:23","slug":"expertise","status":"publish","type":"page","link":"https:\/\/kappadata.fr\/en\/expertise\/","title":{"rendered":"Our expertise"},"content":{"rendered":"<div class=\"wpb-content-wrapper\"><p>[vc_row css_animation=&#8221;&#8221; row_type=&#8221;row&#8221; use_row_as_full_screen_section=&#8221;no&#8221; type=&#8221;full_width&#8221; angled_section=&#8221;no&#8221; text_align=&#8221;left&#8221; background_image_as_pattern=&#8221;without_pattern&#8221; css=&#8221;.vc_custom_1672652626265{background-image: url(https:\/\/kappadata.fr\/wp-content\/uploads\/2022\/11\/exer-expertise-banner.jpeg?id=13238) !important;}&#8221; z_index=&#8221;&#8221;][vc_column][qode_elements_holder number_of_columns=&#8221;one_column&#8221;][qode_elements_holder_item advanced_animations=&#8221;no&#8221; item_padding=&#8221;5% 10% 10% 10%&#8221;][vc_column_text]<\/p>\n<h1>Our expertise<\/h1>\n<p>[\/vc_column_text][vc_column_text css=&#8221;&#8221;]<span style=\"color: #ffffff;\">As a value-added distributor, Kappa Data puts its expertise to work for its customers and partners, to provide them with complete solutions and services that meet their needs. Our teams of sales and technical engineers and business development managers are committed to providing unrivalled support, as well as the right advice, information and solutions. We support our customers from start to finish and provide them with all the tools they need to succeed.<\/span>[\/vc_column_text][vc_empty_space height=&#8221;80px&#8221; el_class=&#8221;onlyphone&#8221;][\/qode_elements_holder_item][\/qode_elements_holder][\/vc_column][\/vc_row][vc_row css_animation=&#8221;&#8221; row_type=&#8221;row&#8221; use_row_as_full_screen_section=&#8221;no&#8221; type=&#8221;grid&#8221; angled_section=&#8221;no&#8221; text_align=&#8221;left&#8221; background_image_as_pattern=&#8221;without_pattern&#8221; z_index=&#8221;&#8221; background_color=&#8221;#ffffff&#8221; padding_top=&#8221;20&#8243;][vc_column offset=&#8221;vc_hidden-sm vc_hidden-xs&#8221;][vc_row_inner row_type=&#8221;row&#8221; type=&#8221;full_width&#8221; text_align=&#8221;left&#8221; css_animation=&#8221;&#8221; padding_bottom=&#8221;30&#8243;][vc_column_inner width=&#8221;1\/4&#8243; css=&#8221;.vc_custom_1603192971473{margin-top: -100px !important;}&#8221;][qode_elements_holder background_color=&#8221;#f6f6f6&#8243; number_of_columns=&#8221;one_column&#8221; custom_class=&#8221;card&#8221;][qode_elements_holder_item vertical_alignment=&#8221;top&#8221; horizontal_alignment=&#8221;center&#8221; advanced_animations=&#8221;no&#8221; item_padding=&#8221;20px&#8221;][vc_empty_space height=&#8221;20px&#8221;]<div class=\"image_hover \" data-transition-delay=\"\"><div class=\"images_holder\"><a itemprop=\"url\" href=\"\/en\/expertise\/lead-generation\/\" target=\"_self\"><img decoding=\"async\" itemprop=\"image\" class=\"active_image \" src=\"https:\/\/kappadata.fr\/wp-content\/uploads\/2020\/10\/selective-1.png\" alt=\"Main Image\" style=\"\" \/><img decoding=\"async\" itemprop=\"image\" class=\"hover_image\" src=\"https:\/\/kappadata.fr\/wp-content\/uploads\/2020\/10\/selective.png\" alt=\"Kappa Data icon\" style=\"\" \/><\/a><\/div><\/div>[vc_empty_space height=&#8221;20px&#8221;][vc_column_text]<\/p>\n<h3><a href=\"https:\/\/kappadata.fr\/en\/expertise\/lead-generation\/\">Lead Generation<\/a><\/h3>\n<p>[\/vc_column_text][vc_column_text]Do you want to attract more leads? Are you looking to launch targeted marketing and sales campaigns? Our lead generation experts will be delighted to help you. Together, we can help more customers.[\/vc_column_text]<a  itemprop=\"url\" href=\"\/en\/expertise\/lead-generation\/\" target=\"_self\"  class=\"qbutton  center default\" style=\"\">Read more<\/a>[vc_empty_space height=&#8221;46px&#8221;][\/qode_elements_holder_item][\/qode_elements_holder][\/vc_column_inner][vc_column_inner width=&#8221;1\/4&#8243; css=&#8221;.vc_custom_1594910801957{margin-top: -100px !important;}&#8221;][qode_elements_holder background_color=&#8221;#f6f6f6&#8243; number_of_columns=&#8221;one_column&#8221; custom_class=&#8221;card&#8221;][qode_elements_holder_item vertical_alignment=&#8221;top&#8221; horizontal_alignment=&#8221;center&#8221; advanced_animations=&#8221;no&#8221; item_padding=&#8221;20px&#8221;][vc_empty_space height=&#8221;20px&#8221;]<div class=\"image_hover \" data-transition-delay=\"\"><div class=\"images_holder\"><a itemprop=\"url\" href=\"\/en\/expertise\/technical-services\/\" target=\"_self\"><img decoding=\"async\" itemprop=\"image\" class=\"active_image \" src=\"https:\/\/kappadata.fr\/wp-content\/uploads\/2020\/10\/technical-support.png\" alt=\"Main Image\" style=\"\" \/><img decoding=\"async\" itemprop=\"image\" class=\"hover_image\" src=\"https:\/\/kappadata.fr\/wp-content\/uploads\/2020\/10\/technical-support-1.png\" alt=\"Kappa Data icon\" style=\"\" \/><\/a><\/div><\/div>[vc_empty_space height=&#8221;20px&#8221;][vc_column_text]<\/p>\n<h3><a href=\"https:\/\/kappadata.fr\/en\/expertise\/technical-services\/\">Technical services<\/a><\/h3>\n<p>[\/vc_column_text][vc_column_text]Are you a reseller, and do you want help to implement our products or solve problems? Are you interested in following a course? Our technical teams will be delighted to help you.[\/vc_column_text]<a  itemprop=\"url\" href=\"\/en\/expertise\/technical-services\/\" target=\"_self\"  class=\"qbutton  center default\" style=\"\">Read more<\/a>[\/qode_elements_holder_item][\/qode_elements_holder][\/vc_column_inner][vc_column_inner width=&#8221;1\/4&#8243; css=&#8221;.vc_custom_1691061535082{margin-top: -100px !important;}&#8221;][qode_elements_holder background_color=&#8221;#f6f6f6&#8243; number_of_columns=&#8221;one_column&#8221; custom_class=&#8221;card&#8221;][qode_elements_holder_item vertical_alignment=&#8221;top&#8221; horizontal_alignment=&#8221;center&#8221; advanced_animations=&#8221;no&#8221; item_padding=&#8221;20px&#8221;][vc_empty_space height=&#8221;20px&#8221;]<div class=\"image_hover \" data-transition-delay=\"\"><div class=\"images_holder\"><a itemprop=\"url\" href=\"\/en\/expertise\/exer-otp\/\" target=\"_self\"><img decoding=\"async\" itemprop=\"image\" class=\"active_image \" src=\"https:\/\/kappadata.fr\/wp-content\/uploads\/2020\/10\/check-2.png\" alt=\"Kappa Data icon\" style=\"\" \/><img decoding=\"async\" itemprop=\"image\" class=\"hover_image\" src=\"https:\/\/kappadata.fr\/wp-content\/uploads\/2020\/10\/check-1-1.png\" alt=\"Kappa Data icon\" style=\"\" \/><\/a><\/div><\/div>[vc_empty_space height=&#8221;20px&#8221;][vc_column_text css=&#8221;&#8221;]<\/p>\n<h3><a href=\"https:\/\/kappadata.fr\/en\/expertise\/exer-otp\/\">EXER OTP<\/a><\/h3>\n<p>[\/vc_column_text][vc_column_text css=&#8221;&#8221;]Kappa Data has developed a strong authentication solution using OTP (One Time Passwords) for its resellers and integrators.[\/vc_column_text]<a  itemprop=\"url\" href=\"\/en\/expertise\/exer-otp\/\" target=\"_self\"  class=\"qbutton  center default\" style=\"\">Read more<\/a>[vc_empty_space height=&#8221;28px&#8221;][\/qode_elements_holder_item][\/qode_elements_holder][\/vc_column_inner][vc_column_inner width=&#8221;1\/4&#8243; css=&#8221;.vc_custom_1689683030190{margin-top: -100px !important;}&#8221;][qode_elements_holder background_color=&#8221;#f6f6f6&#8243; number_of_columns=&#8221;one_column&#8221; custom_class=&#8221;card&#8221;][qode_elements_holder_item vertical_alignment=&#8221;top&#8221; horizontal_alignment=&#8221;center&#8221; advanced_animations=&#8221;no&#8221; item_padding=&#8221;20px&#8221;][vc_empty_space height=&#8221;20px&#8221;]<div class=\"image_hover \" data-transition-delay=\"\"><div class=\"images_holder\"><a itemprop=\"url\" href=\"\/en\/expertise\/exer-technologies\/\" target=\"_self\"><img decoding=\"async\" itemprop=\"image\" class=\"active_image \" src=\"https:\/\/kappadata.fr\/wp-content\/uploads\/2020\/10\/network-1.png\" alt=\"Kappa Data icon\" style=\"\" \/><img decoding=\"async\" itemprop=\"image\" class=\"hover_image\" src=\"https:\/\/kappadata.fr\/wp-content\/uploads\/2020\/10\/network.png\" alt=\"Kappa Data icon\" style=\"\" \/><\/a><\/div><\/div>[vc_empty_space height=&#8221;20px&#8221;][vc_column_text css=&#8221;&#8221;]<\/p>\n<h3><a href=\"https:\/\/kappadata.fr\/en\/expertise\/exer-technologies\/\">ExperTechno<\/a><\/h3>\n<p>[\/vc_column_text][vc_column_text css=&#8221;&#8221;]At ExperTechno, we&#8217;re here to help you develop the hardware solution that suits your software, right through to the manufacture of the finished product and the services required for distribution.[\/vc_column_text]<a  itemprop=\"url\" href=\"\/en\/expertise\/expertechno\/\" target=\"_self\"  class=\"qbutton  center default\" style=\"\">Read more<\/a>[vc_empty_space height=&#8221;28px&#8221;][\/qode_elements_holder_item][\/qode_elements_holder][\/vc_column_inner][\/vc_row_inner][vc_empty_space height=&#8221;80px&#8221;][\/vc_column][\/vc_row][vc_row css_animation=&#8221;&#8221; row_type=&#8221;row&#8221; use_row_as_full_screen_section=&#8221;no&#8221; type=&#8221;grid&#8221; angled_section=&#8221;no&#8221; text_align=&#8221;left&#8221; background_image_as_pattern=&#8221;without_pattern&#8221; z_index=&#8221;&#8221; padding_top=&#8221;75&#8243;][vc_column offset=&#8221;vc_hidden-lg vc_hidden-md&#8221;][vc_row_inner row_type=&#8221;row&#8221; type=&#8221;full_width&#8221; text_align=&#8221;left&#8221; css_animation=&#8221;&#8221; padding_bottom=&#8221;30&#8243;][vc_column_inner width=&#8221;1\/2&#8243; offset=&#8221;vc_hidden-lg vc_hidden-md&#8221;][qode_elements_holder background_color=&#8221;#f6f6f6&#8243; number_of_columns=&#8221;one_column&#8221; custom_class=&#8221;card&#8221;][qode_elements_holder_item horizontal_alignment=&#8221;center&#8221; advanced_animations=&#8221;no&#8221; item_padding=&#8221;20px&#8221;][vc_empty_space height=&#8221;20px&#8221;]<div class=\"image_hover \" data-transition-delay=\"\"><div class=\"images_holder\"><a itemprop=\"url\" href=\"\/en\/expertise\/lead-generation\/\" target=\"_self\"><img decoding=\"async\" itemprop=\"image\" class=\"active_image \" src=\"https:\/\/kappadata.fr\/wp-content\/uploads\/2020\/10\/selective-1.png\" alt=\"Main Image\" style=\"\" \/><img decoding=\"async\" itemprop=\"image\" class=\"hover_image\" src=\"https:\/\/kappadata.fr\/wp-content\/uploads\/2020\/10\/selective.png\" alt=\"Kappa Data icon\" style=\"\" \/><\/a><\/div><\/div>[vc_empty_space height=&#8221;20px&#8221;][vc_column_text]<\/p>\n<h3><a href=\"https:\/\/kappadata.fr\/en\/expertise\/lead-generation\/\">Lead Generation<\/a><\/h3>\n<p>[\/vc_column_text][vc_column_text]Do you want to attract more leads? Are you looking to launch targeted marketing and sales campaigns? Our lead generation experts will be delighted to help you. Together, we can help more customers.[\/vc_column_text]<a  itemprop=\"url\" href=\"\/en\/expertise\/lead-generation\/\" target=\"_self\"  class=\"qbutton  center default\" style=\"\">Read more<\/a>[vc_empty_space height=&#8221;28px&#8221;][\/qode_elements_holder_item][\/qode_elements_holder][vc_empty_space height=&#8221;20px&#8221; el_class=&#8221;onlyphone&#8221;][\/vc_column_inner][vc_column_inner width=&#8221;1\/2&#8243;][qode_elements_holder background_color=&#8221;#f6f6f6&#8243; number_of_columns=&#8221;one_column&#8221; custom_class=&#8221;card&#8221;][qode_elements_holder_item horizontal_alignment=&#8221;center&#8221; advanced_animations=&#8221;no&#8221; item_padding=&#8221;20px 20px 0px 20px&#8221;][vc_empty_space height=&#8221;20px&#8221;]<div class=\"image_hover \" data-transition-delay=\"\"><div class=\"images_holder\"><a itemprop=\"url\" href=\"\/en\/expertise\/technical-services\/\" target=\"_self\"><img decoding=\"async\" itemprop=\"image\" class=\"active_image \" src=\"https:\/\/kappadata.fr\/wp-content\/uploads\/2020\/10\/technical-support.png\" alt=\"Main Image\" style=\"\" \/><img decoding=\"async\" itemprop=\"image\" class=\"hover_image\" src=\"https:\/\/kappadata.fr\/wp-content\/uploads\/2020\/10\/technical-support-1.png\" alt=\"Kappa Data icon\" style=\"\" \/><\/a><\/div><\/div>[vc_empty_space height=&#8221;20px&#8221;][vc_column_text]<\/p>\n<h3><a href=\"https:\/\/kappadata.fr\/en\/expertise\/technical-services\/\">Technical services<\/a><\/h3>\n<p>[\/vc_column_text][vc_column_text]Are you a reseller, and do you want help to implement our products or solve problems? Are you interested in following a course? Our technical teams will be delighted to help you.[\/vc_column_text]<a  itemprop=\"url\" href=\"\/en\/expertise\/technical-services\/\" target=\"_self\"  class=\"qbutton  center default\" style=\"\">Read more<\/a>[vc_empty_space height=&#8221;28px&#8221;][\/qode_elements_holder_item][\/qode_elements_holder][\/vc_column_inner][\/vc_row_inner][vc_row_inner row_type=&#8221;row&#8221; type=&#8221;full_width&#8221; text_align=&#8221;left&#8221; css_animation=&#8221;&#8221; padding_bottom=&#8221;30&#8243;][vc_column_inner width=&#8221;1\/2&#8243;][qode_elements_holder background_color=&#8221;#f6f6f6&#8243; number_of_columns=&#8221;one_column&#8221; custom_class=&#8221;card&#8221;][qode_elements_holder_item horizontal_alignment=&#8221;center&#8221; advanced_animations=&#8221;no&#8221; item_padding=&#8221;20px&#8221;][vc_empty_space height=&#8221;20px&#8221;]<div class=\"image_hover \" data-transition-delay=\"\"><div class=\"images_holder\"><a itemprop=\"url\" href=\"\/en\/expertise\/exer-otp\/\" target=\"_self\"><img decoding=\"async\" itemprop=\"image\" class=\"active_image \" src=\"https:\/\/kappadata.fr\/wp-content\/uploads\/2020\/10\/wifi-1.png\" alt=\"Main Image\" style=\"\" \/><img decoding=\"async\" itemprop=\"image\" class=\"hover_image\" src=\"https:\/\/kappadata.fr\/wp-content\/uploads\/2020\/10\/wifi.png\" alt=\"Kappa Data icon\" style=\"\" \/><\/a><\/div><\/div>[vc_empty_space height=&#8221;20px&#8221;][vc_column_text css=&#8221;&#8221;]<\/p>\n<h3><a href=\"https:\/\/kappadata.fr\/en\/expertise\/exer-otp\/\">EXER OTP<\/a><\/h3>\n<p>[\/vc_column_text][vc_column_text css=&#8221;&#8221;]Kappa Data has developed a strong authentication solution using OTP (One Time Passwords) for its resellers and integrators.[\/vc_column_text]<a  itemprop=\"url\" href=\"\/en\/expertise\/exer-otp\/\" target=\"_self\"  class=\"qbutton  center default\" style=\"\">Read more<\/a>[vc_empty_space height=&#8221;28px&#8221;][\/qode_elements_holder_item][\/qode_elements_holder][vc_empty_space height=&#8221;20px&#8221; el_class=&#8221;onlyphone&#8221;][\/vc_column_inner][vc_column_inner width=&#8221;1\/2&#8243;][qode_elements_holder background_color=&#8221;#f6f6f6&#8243; number_of_columns=&#8221;one_column&#8221; custom_class=&#8221;card&#8221;][qode_elements_holder_item horizontal_alignment=&#8221;center&#8221; advanced_animations=&#8221;no&#8221; item_padding=&#8221;20px&#8221;][vc_empty_space height=&#8221;20px&#8221;]<div class=\"image_hover \" data-transition-delay=\"\"><div class=\"images_holder\"><a itemprop=\"url\" href=\"\/en\/expertise\/exer-technologies\/\" target=\"_self\"><img decoding=\"async\" itemprop=\"image\" class=\"active_image \" src=\"https:\/\/kappadata.fr\/wp-content\/uploads\/2020\/10\/network-1.png\" alt=\"Kappa Data icon\" style=\"\" \/><img decoding=\"async\" itemprop=\"image\" class=\"hover_image\" src=\"https:\/\/kappadata.fr\/wp-content\/uploads\/2020\/10\/network.png\" alt=\"Kappa Data icon\" style=\"\" \/><\/a><\/div><\/div>[vc_empty_space height=&#8221;20px&#8221;][vc_column_text css=&#8221;&#8221;]<\/p>\n<h3><a href=\"https:\/\/kappadata.fr\/en\/expertise\/exer-technologies\/\">ExperTechno<\/a><\/h3>\n<p>[\/vc_column_text][vc_column_text css=&#8221;&#8221;]At ExperTechno, we&#8217;re here to help you develop the hardware solution that suits your software, right through to the manufacture of the finished product and the services required for distribution.[\/vc_column_text]<a  itemprop=\"url\" href=\"\/en\/expertise\/exer-technologies\/\" target=\"_self\"  class=\"qbutton  center default\" style=\"\">Read more<\/a>[vc_empty_space height=&#8221;28px&#8221;][\/qode_elements_holder_item][\/qode_elements_holder][\/vc_column_inner][\/vc_row_inner][\/vc_column][\/vc_row]<\/p>\n<\/div>","protected":false},"excerpt":{"rendered":"<p>[vc_row css_animation=&#8221;&#8221; row_type=&#8221;row&#8221; use_row_as_full_screen_section=&#8221;no&#8221; type=&#8221;full_width&#8221; angled_section=&#8221;no&#8221; text_align=&#8221;left&#8221; background_image_as_pattern=&#8221;without_pattern&#8221; css=&#8221;.vc_custom_1672652626265{background-image: url(https:\/\/kappadata.fr\/wp-content\/uploads\/2022\/11\/exer-expertise-banner.jpeg?id=13238) !important;}&#8221; z_index=&#8221;&#8221;][vc_column][qode_elements_holder number_of_columns=&#8221;one_column&#8221;][qode_elements_holder_item advanced_animations=&#8221;no&#8221; item_padding=&#8221;5% 10% 10% 10%&#8221;][vc_column_text] Our expertise [\/vc_column_text][vc_column_text css=&#8221;&#8221;]As a value-added distributor, Kappa Data puts its expertise&#8230;<\/p>\n","protected":false},"author":1,"featured_media":0,"parent":0,"menu_order":0,"comment_status":"closed","ping_status":"closed","template":"full_width.php","meta":{"_acf_changed":false,"footnotes":""},"class_list":["post-2165","page","type-page","status-publish","hentry"],"acf":[],"yoast_head":"<!-- This site is optimized with the Yoast SEO plugin v27.3 - https:\/\/yoast.com\/product\/yoast-seo-wordpress\/ -->\n<title>Our expertise | Kappa Data<\/title>\n<meta name=\"description\" content=\"Kappa Data harnesses its expertise to serve its clients and partners, providing them with solutions and services tailored to their needs.\" \/>\n<meta name=\"robots\" content=\"index, follow, max-snippet:-1, max-image-preview:large, max-video-preview:-1\" \/>\n<link rel=\"canonical\" href=\"https:\/\/kappadata.fr\/en\/expertise\/\" \/>\n<meta property=\"og:locale\" content=\"en_US\" \/>\n<meta property=\"og:type\" content=\"article\" \/>\n<meta property=\"og:title\" content=\"Our expertise | Kappa Data\" \/>\n<meta property=\"og:description\" content=\"Kappa Data harnesses its expertise to serve its clients and partners, providing them with solutions and services tailored to their needs.\" \/>\n<meta property=\"og:url\" content=\"https:\/\/kappadata.fr\/en\/expertise\/\" \/>\n<meta property=\"og:site_name\" content=\"Kappa Data\" \/>\n<meta property=\"article:modified_time\" content=\"2025-02-04T08:35:23+00:00\" \/>\n<meta name=\"twitter:card\" content=\"summary_large_image\" \/>\n<meta name=\"twitter:label1\" content=\"Est. reading time\" \/>\n\t<meta name=\"twitter:data1\" content=\"7 minutes\" \/>\n<script type=\"application\/ld+json\" class=\"yoast-schema-graph\">{\"@context\":\"https:\\\/\\\/schema.org\",\"@graph\":[{\"@type\":\"WebPage\",\"@id\":\"https:\\\/\\\/kappadata.fr\\\/en\\\/expertise\\\/\",\"url\":\"https:\\\/\\\/kappadata.fr\\\/en\\\/expertise\\\/\",\"name\":\"Our expertise | Kappa Data\",\"isPartOf\":{\"@id\":\"https:\\\/\\\/kappadata.fr\\\/#website\"},\"datePublished\":\"2020-11-25T13:30:47+00:00\",\"dateModified\":\"2025-02-04T08:35:23+00:00\",\"description\":\"Kappa Data harnesses its expertise to serve its clients and partners, providing them with solutions and services tailored to their needs.\",\"breadcrumb\":{\"@id\":\"https:\\\/\\\/kappadata.fr\\\/en\\\/expertise\\\/#breadcrumb\"},\"inLanguage\":\"en-US\",\"potentialAction\":[{\"@type\":\"ReadAction\",\"target\":[\"https:\\\/\\\/kappadata.fr\\\/en\\\/expertise\\\/\"]}]},{\"@type\":\"BreadcrumbList\",\"@id\":\"https:\\\/\\\/kappadata.fr\\\/en\\\/expertise\\\/#breadcrumb\",\"itemListElement\":[{\"@type\":\"ListItem\",\"position\":1,\"name\":\"Home\",\"item\":\"https:\\\/\\\/kappadata.fr\\\/en\\\/\"},{\"@type\":\"ListItem\",\"position\":2,\"name\":\"Our expertise\"}]},{\"@type\":\"WebSite\",\"@id\":\"https:\\\/\\\/kappadata.fr\\\/#website\",\"url\":\"https:\\\/\\\/kappadata.fr\\\/\",\"name\":\"Kappa Data\",\"description\":\"Distributeur \u00e0 valeur ajout\u00e9e S\u00e9curit\u00e9 et R\u00e9seau\",\"potentialAction\":[{\"@type\":\"SearchAction\",\"target\":{\"@type\":\"EntryPoint\",\"urlTemplate\":\"https:\\\/\\\/kappadata.fr\\\/?s={search_term_string}\"},\"query-input\":{\"@type\":\"PropertyValueSpecification\",\"valueRequired\":true,\"valueName\":\"search_term_string\"}}],\"inLanguage\":\"en-US\"}]}<\/script>\n<!-- \/ Yoast SEO plugin. -->","yoast_head_json":{"title":"Our expertise | Kappa Data","description":"Kappa Data harnesses its expertise to serve its clients and partners, providing them with solutions and services tailored to their needs.","robots":{"index":"index","follow":"follow","max-snippet":"max-snippet:-1","max-image-preview":"max-image-preview:large","max-video-preview":"max-video-preview:-1"},"canonical":"https:\/\/kappadata.fr\/en\/expertise\/","og_locale":"en_US","og_type":"article","og_title":"Our expertise | Kappa Data","og_description":"Kappa Data harnesses its expertise to serve its clients and partners, providing them with solutions and services tailored to their needs.","og_url":"https:\/\/kappadata.fr\/en\/expertise\/","og_site_name":"Kappa Data","article_modified_time":"2025-02-04T08:35:23+00:00","twitter_card":"summary_large_image","twitter_misc":{"Est. reading time":"7 minutes"},"schema":{"@context":"https:\/\/schema.org","@graph":[{"@type":"WebPage","@id":"https:\/\/kappadata.fr\/en\/expertise\/","url":"https:\/\/kappadata.fr\/en\/expertise\/","name":"Our expertise | Kappa Data","isPartOf":{"@id":"https:\/\/kappadata.fr\/#website"},"datePublished":"2020-11-25T13:30:47+00:00","dateModified":"2025-02-04T08:35:23+00:00","description":"Kappa Data harnesses its expertise to serve its clients and partners, providing them with solutions and services tailored to their needs.","breadcrumb":{"@id":"https:\/\/kappadata.fr\/en\/expertise\/#breadcrumb"},"inLanguage":"en-US","potentialAction":[{"@type":"ReadAction","target":["https:\/\/kappadata.fr\/en\/expertise\/"]}]},{"@type":"BreadcrumbList","@id":"https:\/\/kappadata.fr\/en\/expertise\/#breadcrumb","itemListElement":[{"@type":"ListItem","position":1,"name":"Home","item":"https:\/\/kappadata.fr\/en\/"},{"@type":"ListItem","position":2,"name":"Our expertise"}]},{"@type":"WebSite","@id":"https:\/\/kappadata.fr\/#website","url":"https:\/\/kappadata.fr\/","name":"Kappa Data","description":"Distributeur \u00e0 valeur ajout\u00e9e S\u00e9curit\u00e9 et R\u00e9seau","potentialAction":[{"@type":"SearchAction","target":{"@type":"EntryPoint","urlTemplate":"https:\/\/kappadata.fr\/?s={search_term_string}"},"query-input":{"@type":"PropertyValueSpecification","valueRequired":true,"valueName":"search_term_string"}}],"inLanguage":"en-US"}]}},"_links":{"self":[{"href":"https:\/\/kappadata.fr\/en\/wp-json\/wp\/v2\/pages\/2165","targetHints":{"allow":["GET"]}}],"collection":[{"href":"https:\/\/kappadata.fr\/en\/wp-json\/wp\/v2\/pages"}],"about":[{"href":"https:\/\/kappadata.fr\/en\/wp-json\/wp\/v2\/types\/page"}],"author":[{"embeddable":true,"href":"https:\/\/kappadata.fr\/en\/wp-json\/wp\/v2\/users\/1"}],"replies":[{"embeddable":true,"href":"https:\/\/kappadata.fr\/en\/wp-json\/wp\/v2\/comments?post=2165"}],"version-history":[{"count":45,"href":"https:\/\/kappadata.fr\/en\/wp-json\/wp\/v2\/pages\/2165\/revisions"}],"predecessor-version":[{"id":19551,"href":"https:\/\/kappadata.fr\/en\/wp-json\/wp\/v2\/pages\/2165\/revisions\/19551"}],"wp:attachment":[{"href":"https:\/\/kappadata.fr\/en\/wp-json\/wp\/v2\/media?parent=2165"}],"curies":[{"name":"wp","href":"https:\/\/api.w.org\/{rel}","templated":true}]}}