{"id":20761,"date":"2025-10-02T15:22:50","date_gmt":"2025-10-02T13:22:50","guid":{"rendered":"https:\/\/kappadata.fr\/?page_id=20761"},"modified":"2025-10-02T15:22:50","modified_gmt":"2025-10-02T13:22:50","slug":"marketing-as-a-service","status":"publish","type":"page","link":"https:\/\/kappadata.fr\/en\/expertise\/marketing-as-a-service\/","title":{"rendered":"Marketing as a Service"},"content":{"rendered":"<div class=\"wpb-content-wrapper\"><p>[vc_row css_animation=&#8221;&#8221; row_type=&#8221;row&#8221; use_row_as_full_screen_section=&#8221;no&#8221; type=&#8221;full_width&#8221; angled_section=&#8221;no&#8221; text_align=&#8221;left&#8221; background_image_as_pattern=&#8221;without_pattern&#8221; css=&#8221;.vc_custom_1672654627655{background-image: url(https:\/\/kappadata.fr\/wp-content\/uploads\/2022\/11\/exer-expertise-banner.jpeg?id=13238) !important;}&#8221; z_index=&#8221;&#8221;][vc_column][qode_elements_holder number_of_columns=&#8221;one_column&#8221;][qode_elements_holder_item advanced_animations=&#8221;no&#8221; item_padding=&#8221;5% 10% 10% 10%&#8221;][vc_column_text css=&#8221;&#8221;]<\/p>\n<h1>Marketing as a Service<\/h1>\n<p>[\/vc_column_text][vc_empty_space height=&#8221;80px&#8221; el_class=&#8221;onlyphone&#8221;][\/qode_elements_holder_item][\/qode_elements_holder][\/vc_column][\/vc_row][vc_row css_animation=&#8221;&#8221; row_type=&#8221;row&#8221; use_row_as_full_screen_section=&#8221;no&#8221; type=&#8221;grid&#8221; angled_section=&#8221;no&#8221; text_align=&#8221;left&#8221; background_image_as_pattern=&#8221;without_pattern&#8221; z_index=&#8221;&#8221; background_color=&#8221;#f3f3f3&#8243; padding_top=&#8221;20&#8243;][vc_column css=&#8221;.vc_custom_1604417126393{margin-top: -100px !important;}&#8221;][qode_elements_holder number_of_columns=&#8221;one_column&#8221;][qode_elements_holder_item horizontal_alignment=&#8221;left&#8221; advanced_animations=&#8221;no&#8221; custom_class=&#8221;cardstatic&#8221; background_color=&#8221;#ffffff&#8221; item_padding=&#8221;5% 10% 5% 10%&#8221;][vc_empty_space height=&#8221;20px&#8221;][vc_column_text]<\/p>\n<h2>Our expertise<\/h2>\n<p>[\/vc_column_text][vc_column_text css=&#8221;&#8221;]In today\u2019s fast-paced business environment, <strong>Marketing as a Service (MaaS)<\/strong> has become a streamlined solution. By outsourcing marketing functions to <strong>Kappa Data<\/strong>, businesses gain flexibility and scalability without the burden of maintaining a full-time, in-house team.<\/p>\n<p>This approach facilitates swift adaptation to market trends, access to advanced technologies, and expertise in various marketing strategies. Whether it\u2019s digital marketing or organizing events\/exhibitions, MaaS offers cost-effective solutions that enable businesses to concentrate on their core strengths while harnessing external specialists for creative and efficient marketing strategies.[\/vc_column_text][vc_empty_space height=&#8221;28px&#8221;][\/qode_elements_holder_item][\/qode_elements_holder][vc_empty_space height=&#8221;25px&#8221;][vc_row_inner row_type=&#8221;row&#8221; type=&#8221;full_width&#8221; text_align=&#8221;left&#8221; css_animation=&#8221;&#8221;][vc_column_inner width=&#8221;1\/2&#8243;][qode_elements_holder number_of_columns=&#8221;one_column&#8221;][qode_elements_holder_item horizontal_alignment=&#8221;left&#8221; advanced_animations=&#8221;no&#8221; item_padding=&#8221;5% 10% 5% 10%&#8221; background_color=&#8221;#ffffff&#8221; custom_class=&#8221;cardstatic&#8221;][vc_empty_space height=&#8221;20px&#8221;][vc_column_text]<\/p>\n<h2>Our customers<\/h2>\n<p>[\/vc_column_text][vc_column_text css=&#8221;&#8221;]Are you a reseller, supplier, or customer of Kappa Data looking to optimize your marketing activities? Then our MaaS is perfect for you! We provide flexibility and scalability in your marketing efforts so you can focus on your core activities.<\/p>\n<p>Kappa Data offers a wide range of marketing services, from digital campaigns to event management, all tailored to your specific needs. With access to the latest technologies and our extensive expertise, you can count on effective and innovative marketing solutions. Feel free to <a href=\"https:\/\/kappadata.fr\/en\/contact\/\">contact us<\/a>![\/vc_column_text][vc_empty_space height=&#8221;28px&#8221;][\/qode_elements_holder_item][\/qode_elements_holder][\/vc_column_inner][vc_column_inner width=&#8221;1\/2&#8243;][vc_empty_space height=&#8221;120px&#8221; el_class=&#8221;onlyphone&#8221;][qode_elements_holder number_of_columns=&#8221;one_column&#8221;][qode_elements_holder_item horizontal_alignment=&#8221;left&#8221; advanced_animations=&#8221;no&#8221; item_padding=&#8221;5% 10% 5% 10%&#8221; background_color=&#8221;#ffffff&#8221; custom_class=&#8221;cardstatic&#8221;][vc_empty_space height=&#8221;20px&#8221;][vc_column_text]<\/p>\n<h2>Our method<\/h2>\n<p>[\/vc_column_text][vc_column_text css=&#8221;&#8221;]We\u2019ll start with a kick-off meeting to define the project. Our objective is to conclude the meeting with a summary document capturing key decisions and action points. This document will be signed by both parties at the end of the meeting to achieve mutual agreement before commencing the project.<\/p>\n<p>What will we discuss:<\/p>\n<ol>\n<li>Purpose and target audience of the content<\/li>\n<li>Visual elements and creative direction<\/li>\n<li>Choosing a domain name (if necessary) for a landing page<\/li>\n<li>Developing a comprehensive task list with responsibilities<\/li>\n<li>Linking deadlines to tasks to prevent delays<\/li>\n<li>Determining a clear Call-to-Action (CTA)<\/li>\n<li>Need for a registration form (if relevant)<\/li>\n<\/ol>\n<p>[\/vc_column_text][vc_empty_space height=&#8221;28px&#8221;][\/qode_elements_holder_item][\/qode_elements_holder][\/vc_column_inner][\/vc_row_inner][vc_empty_space height=&#8221;75px&#8221;][\/vc_column][\/vc_row][vc_row css_animation=&#8221;&#8221; row_type=&#8221;row&#8221; use_row_as_full_screen_section=&#8221;no&#8221; type=&#8221;grid&#8221; angled_section=&#8221;no&#8221; text_align=&#8221;left&#8221; background_image_as_pattern=&#8221;without_pattern&#8221; z_index=&#8221;&#8221; background_color=&#8221;#f3f3f3&#8243; padding_top=&#8221;75&#8243; css=&#8221;.vc_custom_1603192215592{background-color: #ffffff !important;}&#8221; padding_bottom=&#8221;75&#8243;][vc_column][vc_column_text css=&#8221;&#8221;]<\/p>\n<h2>Why choose Kappa Data?<\/h2>\n<p>[\/vc_column_text][vc_empty_space height=&#8221;20px&#8221;][vc_row_inner row_type=&#8221;row&#8221; type=&#8221;full_width&#8221; text_align=&#8221;left&#8221; css_animation=&#8221;&#8221;][vc_column_inner width=&#8221;1\/3&#8243;][qode_elements_holder number_of_columns=&#8221;one_column&#8221;][qode_elements_holder_item horizontal_alignment=&#8221;left&#8221; advanced_animations=&#8221;no&#8221; item_padding=&#8221;5% 10% 5% 10%&#8221; background_color=&#8221;#f3f3f3&#8243; custom_class=&#8221;round&#8221;][vc_empty_space height=&#8221;20px&#8221;][vc_column_text css=&#8221;&#8221;]<\/p>\n<h3>Marketing campaigns &amp; support<\/h3>\n<p>We develop and execute co-branded campaigns to strengthen your brand and provide access to a wide range of marketing tools and resources to support and optimize your marketing efforts.[\/vc_column_text][vc_empty_space height=&#8221;28px&#8221;][\/qode_elements_holder_item][\/qode_elements_holder][\/vc_column_inner][vc_column_inner width=&#8221;1\/3&#8243;][vc_empty_space height=&#8221;120px&#8221; el_class=&#8221;onlyphone&#8221;][qode_elements_holder number_of_columns=&#8221;one_column&#8221;][qode_elements_holder_item horizontal_alignment=&#8221;left&#8221; advanced_animations=&#8221;no&#8221; item_padding=&#8221;5% 10% 5% 10%&#8221; background_color=&#8221;#f3f3f3&#8243; custom_class=&#8221;round&#8221;][vc_empty_space height=&#8221;20px&#8221;][vc_column_text css=&#8221;&#8221;]<\/p>\n<h3>Lead generation &amp; sales support<\/h3>\n<p>We actively assist partners in generating leads and increasing sales, contributing to the growth of your business.[\/vc_column_text][vc_empty_space height=&#8221;28px&#8221;][\/qode_elements_holder_item][\/qode_elements_holder][\/vc_column_inner][vc_column_inner width=&#8221;1\/3&#8243;][vc_empty_space height=&#8221;120px&#8221; el_class=&#8221;onlyphone&#8221;][qode_elements_holder number_of_columns=&#8221;one_column&#8221;][qode_elements_holder_item advanced_animations=&#8221;no&#8221; custom_class=&#8221;round&#8221; background_color=&#8221;#f3f3f3&#8243; item_padding=&#8221;5% 10% 5% 10%&#8221;][vc_empty_space height=&#8221;20px&#8221;][vc_column_text css=&#8221;&#8221;]<\/p>\n<h3>Result measurement &amp; optimization<\/h3>\n<p>We offer comprehensive tracking and measurement of marketing results, enabling you to assess and optimize the effectiveness of your investments.[\/vc_column_text][vc_empty_space height=&#8221;28px&#8221;][\/qode_elements_holder_item][\/qode_elements_holder][\/vc_column_inner][\/vc_row_inner][\/vc_column][\/vc_row]<\/p>\n<\/div>","protected":false},"excerpt":{"rendered":"<p>[vc_row css_animation=&#8221;&#8221; row_type=&#8221;row&#8221; use_row_as_full_screen_section=&#8221;no&#8221; type=&#8221;full_width&#8221; angled_section=&#8221;no&#8221; text_align=&#8221;left&#8221; background_image_as_pattern=&#8221;without_pattern&#8221; css=&#8221;.vc_custom_1672654627655{background-image: url(https:\/\/kappadata.fr\/wp-content\/uploads\/2022\/11\/exer-expertise-banner.jpeg?id=13238) !important;}&#8221; z_index=&#8221;&#8221;][vc_column][qode_elements_holder number_of_columns=&#8221;one_column&#8221;][qode_elements_holder_item advanced_animations=&#8221;no&#8221; item_padding=&#8221;5% 10% 10% 10%&#8221;][vc_column_text css=&#8221;&#8221;] Marketing as a Service [\/vc_column_text][vc_empty_space height=&#8221;80px&#8221; el_class=&#8221;onlyphone&#8221;][\/qode_elements_holder_item][\/qode_elements_holder][\/vc_column][\/vc_row][vc_row css_animation=&#8221;&#8221; row_type=&#8221;row&#8221; use_row_as_full_screen_section=&#8221;no&#8221; type=&#8221;grid&#8221;&#8230;<\/p>\n","protected":false},"author":23,"featured_media":0,"parent":2165,"menu_order":0,"comment_status":"closed","ping_status":"closed","template":"full_width.php","meta":{"_acf_changed":false,"footnotes":""},"class_list":["post-20761","page","type-page","status-publish","hentry"],"acf":[],"yoast_head":"<!-- This site is optimized with the Yoast SEO plugin v27.3 - https:\/\/yoast.com\/product\/yoast-seo-wordpress\/ -->\n<title>Marketing as a Service<\/title>\n<meta name=\"description\" content=\"Kappa Data offers a wide range of marketing services, from digital campaigns to event management, all tailored to your specific needs.\" \/>\n<meta name=\"robots\" content=\"index, follow, max-snippet:-1, max-image-preview:large, max-video-preview:-1\" \/>\n<link rel=\"canonical\" href=\"https:\/\/kappadata.fr\/en\/expertise\/marketing-as-a-service\/\" \/>\n<meta property=\"og:locale\" content=\"en_US\" \/>\n<meta property=\"og:type\" content=\"article\" \/>\n<meta property=\"og:title\" content=\"Marketing as a Service\" \/>\n<meta property=\"og:description\" content=\"Kappa Data offers a wide range of marketing services, from digital campaigns to event management, all tailored to your specific needs.\" \/>\n<meta property=\"og:url\" content=\"https:\/\/kappadata.fr\/en\/expertise\/marketing-as-a-service\/\" \/>\n<meta property=\"og:site_name\" content=\"Kappa Data\" \/>\n<meta name=\"twitter:card\" content=\"summary_large_image\" \/>\n<meta name=\"twitter:label1\" content=\"Est. reading time\" \/>\n\t<meta name=\"twitter:data1\" content=\"3 minutes\" \/>\n<script type=\"application\/ld+json\" class=\"yoast-schema-graph\">{\"@context\":\"https:\\\/\\\/schema.org\",\"@graph\":[{\"@type\":\"WebPage\",\"@id\":\"https:\\\/\\\/kappadata.fr\\\/en\\\/expertise\\\/marketing-as-a-service\\\/\",\"url\":\"https:\\\/\\\/kappadata.fr\\\/en\\\/expertise\\\/marketing-as-a-service\\\/\",\"name\":\"Marketing as a Service\",\"isPartOf\":{\"@id\":\"https:\\\/\\\/kappadata.fr\\\/#website\"},\"datePublished\":\"2025-10-02T13:22:50+00:00\",\"description\":\"Kappa Data offers a wide range of marketing services, from digital campaigns to event management, all tailored to your specific needs.\",\"breadcrumb\":{\"@id\":\"https:\\\/\\\/kappadata.fr\\\/en\\\/expertise\\\/marketing-as-a-service\\\/#breadcrumb\"},\"inLanguage\":\"en-US\",\"potentialAction\":[{\"@type\":\"ReadAction\",\"target\":[\"https:\\\/\\\/kappadata.fr\\\/en\\\/expertise\\\/marketing-as-a-service\\\/\"]}]},{\"@type\":\"BreadcrumbList\",\"@id\":\"https:\\\/\\\/kappadata.fr\\\/en\\\/expertise\\\/marketing-as-a-service\\\/#breadcrumb\",\"itemListElement\":[{\"@type\":\"ListItem\",\"position\":1,\"name\":\"Home\",\"item\":\"https:\\\/\\\/kappadata.fr\\\/en\\\/\"},{\"@type\":\"ListItem\",\"position\":2,\"name\":\"Our expertise\",\"item\":\"https:\\\/\\\/kappadata.fr\\\/en\\\/expertise\\\/\"},{\"@type\":\"ListItem\",\"position\":3,\"name\":\"Marketing as a Service\"}]},{\"@type\":\"WebSite\",\"@id\":\"https:\\\/\\\/kappadata.fr\\\/#website\",\"url\":\"https:\\\/\\\/kappadata.fr\\\/\",\"name\":\"Kappa Data\",\"description\":\"Distributeur \u00e0 valeur ajout\u00e9e S\u00e9curit\u00e9 et R\u00e9seau\",\"potentialAction\":[{\"@type\":\"SearchAction\",\"target\":{\"@type\":\"EntryPoint\",\"urlTemplate\":\"https:\\\/\\\/kappadata.fr\\\/?s={search_term_string}\"},\"query-input\":{\"@type\":\"PropertyValueSpecification\",\"valueRequired\":true,\"valueName\":\"search_term_string\"}}],\"inLanguage\":\"en-US\"}]}<\/script>\n<!-- \/ Yoast SEO plugin. -->","yoast_head_json":{"title":"Marketing as a Service","description":"Kappa Data offers a wide range of marketing services, from digital campaigns to event management, all tailored to your specific needs.","robots":{"index":"index","follow":"follow","max-snippet":"max-snippet:-1","max-image-preview":"max-image-preview:large","max-video-preview":"max-video-preview:-1"},"canonical":"https:\/\/kappadata.fr\/en\/expertise\/marketing-as-a-service\/","og_locale":"en_US","og_type":"article","og_title":"Marketing as a Service","og_description":"Kappa Data offers a wide range of marketing services, from digital campaigns to event management, all tailored to your specific needs.","og_url":"https:\/\/kappadata.fr\/en\/expertise\/marketing-as-a-service\/","og_site_name":"Kappa Data","twitter_card":"summary_large_image","twitter_misc":{"Est. reading time":"3 minutes"},"schema":{"@context":"https:\/\/schema.org","@graph":[{"@type":"WebPage","@id":"https:\/\/kappadata.fr\/en\/expertise\/marketing-as-a-service\/","url":"https:\/\/kappadata.fr\/en\/expertise\/marketing-as-a-service\/","name":"Marketing as a Service","isPartOf":{"@id":"https:\/\/kappadata.fr\/#website"},"datePublished":"2025-10-02T13:22:50+00:00","description":"Kappa Data offers a wide range of marketing services, from digital campaigns to event management, all tailored to your specific needs.","breadcrumb":{"@id":"https:\/\/kappadata.fr\/en\/expertise\/marketing-as-a-service\/#breadcrumb"},"inLanguage":"en-US","potentialAction":[{"@type":"ReadAction","target":["https:\/\/kappadata.fr\/en\/expertise\/marketing-as-a-service\/"]}]},{"@type":"BreadcrumbList","@id":"https:\/\/kappadata.fr\/en\/expertise\/marketing-as-a-service\/#breadcrumb","itemListElement":[{"@type":"ListItem","position":1,"name":"Home","item":"https:\/\/kappadata.fr\/en\/"},{"@type":"ListItem","position":2,"name":"Our expertise","item":"https:\/\/kappadata.fr\/en\/expertise\/"},{"@type":"ListItem","position":3,"name":"Marketing as a Service"}]},{"@type":"WebSite","@id":"https:\/\/kappadata.fr\/#website","url":"https:\/\/kappadata.fr\/","name":"Kappa Data","description":"Distributeur \u00e0 valeur ajout\u00e9e S\u00e9curit\u00e9 et R\u00e9seau","potentialAction":[{"@type":"SearchAction","target":{"@type":"EntryPoint","urlTemplate":"https:\/\/kappadata.fr\/?s={search_term_string}"},"query-input":{"@type":"PropertyValueSpecification","valueRequired":true,"valueName":"search_term_string"}}],"inLanguage":"en-US"}]}},"_links":{"self":[{"href":"https:\/\/kappadata.fr\/en\/wp-json\/wp\/v2\/pages\/20761","targetHints":{"allow":["GET"]}}],"collection":[{"href":"https:\/\/kappadata.fr\/en\/wp-json\/wp\/v2\/pages"}],"about":[{"href":"https:\/\/kappadata.fr\/en\/wp-json\/wp\/v2\/types\/page"}],"author":[{"embeddable":true,"href":"https:\/\/kappadata.fr\/en\/wp-json\/wp\/v2\/users\/23"}],"replies":[{"embeddable":true,"href":"https:\/\/kappadata.fr\/en\/wp-json\/wp\/v2\/comments?post=20761"}],"version-history":[{"count":1,"href":"https:\/\/kappadata.fr\/en\/wp-json\/wp\/v2\/pages\/20761\/revisions"}],"predecessor-version":[{"id":20767,"href":"https:\/\/kappadata.fr\/en\/wp-json\/wp\/v2\/pages\/20761\/revisions\/20767"}],"up":[{"embeddable":true,"href":"https:\/\/kappadata.fr\/en\/wp-json\/wp\/v2\/pages\/2165"}],"wp:attachment":[{"href":"https:\/\/kappadata.fr\/en\/wp-json\/wp\/v2\/media?parent=20761"}],"curies":[{"name":"wp","href":"https:\/\/api.w.org\/{rel}","templated":true}]}}